{"id":2,"date":"2013-02-01T18:01:19","date_gmt":"2013-02-01T18:01:19","guid":{"rendered":"http:\/\/jogazdrowia.pl\/?page_id=2"},"modified":"2022-08-15T10:09:39","modified_gmt":"2022-08-15T10:09:39","slug":"sample-page","status":"publish","type":"page","link":"https:\/\/www.jogazdrowia.pl\/pl_PL\/","title":{"rendered":"Kudalini Joga - Joga \u015awiadomej Przytomno\u015bci"},"content":{"rendered":"<figure class=\"wp-block-image size-large\"><a href=\"https:\/\/www.jogazdrowia.pl\/wp-content\/uploads\/2022\/08\/anahata-forest.jpg\"><img loading=\"lazy\" width=\"1024\" height=\"576\" src=\"https:\/\/www.jogazdrowia.pl\/wp-content\/uploads\/2022\/08\/anahata-forest-1024x576.jpg\" alt=\"\" class=\"wp-image-4414\" srcset=\"https:\/\/www.jogazdrowia.pl\/wp-content\/uploads\/2022\/08\/anahata-forest-1024x576.jpg 1024w, https:\/\/www.jogazdrowia.pl\/wp-content\/uploads\/2022\/08\/anahata-forest-300x169.jpg 300w, https:\/\/www.jogazdrowia.pl\/wp-content\/uploads\/2022\/08\/anahata-forest-768x432.jpg 768w, https:\/\/www.jogazdrowia.pl\/wp-content\/uploads\/2022\/08\/anahata-forest.jpg 1325w\" sizes=\"(max-width: 1024px) 100vw, 1024px\" \/><\/a><\/figure>\n<p style=\"text-align: justify;\">\n<p style=\"text-align: justify;\">Kundalini Joga wed\u0142ug przekazu Yogi Bhajana to technologia rozwoju \u015bwiadomo\u015bci dla wsp\u00f3\u0142czesnego cz\u0142owieka.<\/p>\n<p style=\"text-align: justify;\">W oparciu o technologi\u0119 jogi, m.in. &nbsp;asany, krije, pranajamy oraz bogactwo mantr, Kundalini Joga daje do\u015bwiadczenie oraz pozytywnie wp\u0142ywa na samopoczucie zar\u00f3wno fizyczne, jak i duchowe.<\/p>\n<p style=\"text-align: justify;\">Formu\u0142a Kundalini Jogi jak\u0105 przekazuj\u0119 na zaj\u0119ciach jest form\u0105 opracowan\u0105 przez Yogi Bhajana, mistrza Kundalini Jogi i Hatha Jogi, kt\u00f3ry stworzy\u0142 praktyczny system rozwoju dla osoby zaanga\u017cowanej w \u017cycie spo\u0142eczne: rodzin\u0119, prac\u0119, dom czy realizacj\u0119 swoich pasji, umo\u017cliwiaj\u0105c pe\u0142ny rozw\u00f3j osobisty i duchowy b\u0119d\u0105cy w r\u00f3wnowadze z indywidualn\u0105 drog\u0105 \u017cycia praktykuj\u0105cego.<\/p>\n<p style=\"text-align: justify;\">Kundalini Jog\u0119 po\u015br\u00f3d innych odmian jogi charakteryzuje &nbsp;g\u0142\u0119boki wymiar przemian jaki niesie za sob\u0105 regularna praktyka &#8211; &nbsp;przemian\u0119 na wszystkich poziomach \u017cycia.<\/p>\n<p style=\"text-align: justify;\">\n","protected":false},"excerpt":{"rendered":"<p><!-- wp:image {\"id\":4414,\"sizeSlug\":\"large\",\"linkDestination\":\"media\"} --><\/p>\n<figure class=\"wp-block-image size-large\"><a href=\"https:\/\/www.jogazdrowia.pl\/wp-content\/uploads\/2022\/08\/anahata-forest.jpg\"><img src=\"https:\/\/www.jogazdrowia.pl\/wp-content\/up...\n<\/p>\n","protected":false},"author":1,"featured_media":0,"parent":0,"menu_order":51,"comment_status":"open","ping_status":"open","template":"","meta":[],"_links":{"self":[{"href":"https:\/\/www.jogazdrowia.pl\/pl_PL\/wp-json\/wp\/v2\/pages\/2"}],"collection":[{"href":"https:\/\/www.jogazdrowia.pl\/pl_PL\/wp-json\/wp\/v2\/pages"}],"about":[{"href":"https:\/\/www.jogazdrowia.pl\/pl_PL\/wp-json\/wp\/v2\/types\/page"}],"author":[{"embeddable":true,"href":"https:\/\/www.jogazdrowia.pl\/pl_PL\/wp-json\/wp\/v2\/users\/1"}],"replies":[{"embeddable":true,"href":"https:\/\/www.jogazdrowia.pl\/pl_PL\/wp-json\/wp\/v2\/comments?post=2"}],"version-history":[{"count":23,"href":"https:\/\/www.jogazdrowia.pl\/pl_PL\/wp-json\/wp\/v2\/pages\/2\/revisions"}],"predecessor-version":[{"id":4416,"href":"https:\/\/www.jogazdrowia.pl\/pl_PL\/wp-json\/wp\/v2\/pages\/2\/revisions\/4416"}],"wp:attachment":[{"href":"https:\/\/www.jogazdrowia.pl\/pl_PL\/wp-json\/wp\/v2\/media?parent=2"}],"curies":[{"name":"wp","href":"https:\/\/api.w.org\/{rel}","templated":true}]}}